{"id":8462,"date":"2024-07-10T13:50:24","date_gmt":"2024-07-10T12:50:24","guid":{"rendered":"https:\/\/kamforsud.org\/contact\/"},"modified":"2026-03-21T10:45:15","modified_gmt":"2026-03-21T10:45:15","slug":"contact","status":"publish","type":"page","link":"https:\/\/kamforsud.org\/fr\/contact\/","title":{"rendered":"Contact"},"content":{"rendered":"\t\t<div data-elementor-type=\"wp-page\" data-elementor-id=\"8462\" class=\"elementor elementor-8462 elementor-13\">\n\t\t\t\t<div class=\"elementor-element elementor-element-50d208f e-flex e-con-boxed elementor-invisible e-con e-parent\" data-id=\"50d208f\" data-element_type=\"container\" data-e-type=\"container\" data-settings=\"{&quot;animation&quot;:&quot;fadeIn&quot;}\">\n\t\t\t\t\t<div class=\"e-con-inner\">\n\t\t<div class=\"elementor-element elementor-element-7abde066 e-con-full e-flex e-con e-child\" data-id=\"7abde066\" data-element_type=\"container\" data-e-type=\"container\">\n\t\t\t\t<div class=\"elementor-element elementor-element-9c53c64 elementor-widget elementor-widget-site-logo\" data-id=\"9c53c64\" data-element_type=\"widget\" data-e-type=\"widget\" data-settings=\"{&quot;width&quot;:{&quot;unit&quot;:&quot;%&quot;,&quot;size&quot;:20,&quot;sizes&quot;:[]},&quot;width_mobile&quot;:{&quot;unit&quot;:&quot;%&quot;,&quot;size&quot;:50,&quot;sizes&quot;:[]},&quot;align&quot;:&quot;center&quot;,&quot;width_tablet&quot;:{&quot;unit&quot;:&quot;%&quot;,&quot;size&quot;:&quot;&quot;,&quot;sizes&quot;:[]},&quot;space&quot;:{&quot;unit&quot;:&quot;%&quot;,&quot;size&quot;:&quot;&quot;,&quot;sizes&quot;:[]},&quot;space_tablet&quot;:{&quot;unit&quot;:&quot;%&quot;,&quot;size&quot;:&quot;&quot;,&quot;sizes&quot;:[]},&quot;space_mobile&quot;:{&quot;unit&quot;:&quot;%&quot;,&quot;size&quot;:&quot;&quot;,&quot;sizes&quot;:[]},&quot;image_border_radius&quot;:{&quot;unit&quot;:&quot;px&quot;,&quot;top&quot;:&quot;&quot;,&quot;right&quot;:&quot;&quot;,&quot;bottom&quot;:&quot;&quot;,&quot;left&quot;:&quot;&quot;,&quot;isLinked&quot;:true},&quot;image_border_radius_tablet&quot;:{&quot;unit&quot;:&quot;px&quot;,&quot;top&quot;:&quot;&quot;,&quot;right&quot;:&quot;&quot;,&quot;bottom&quot;:&quot;&quot;,&quot;left&quot;:&quot;&quot;,&quot;isLinked&quot;:true},&quot;image_border_radius_mobile&quot;:{&quot;unit&quot;:&quot;px&quot;,&quot;top&quot;:&quot;&quot;,&quot;right&quot;:&quot;&quot;,&quot;bottom&quot;:&quot;&quot;,&quot;left&quot;:&quot;&quot;,&quot;isLinked&quot;:true},&quot;caption_padding&quot;:{&quot;unit&quot;:&quot;px&quot;,&quot;top&quot;:&quot;&quot;,&quot;right&quot;:&quot;&quot;,&quot;bottom&quot;:&quot;&quot;,&quot;left&quot;:&quot;&quot;,&quot;isLinked&quot;:true},&quot;caption_padding_tablet&quot;:{&quot;unit&quot;:&quot;px&quot;,&quot;top&quot;:&quot;&quot;,&quot;right&quot;:&quot;&quot;,&quot;bottom&quot;:&quot;&quot;,&quot;left&quot;:&quot;&quot;,&quot;isLinked&quot;:true},&quot;caption_padding_mobile&quot;:{&quot;unit&quot;:&quot;px&quot;,&quot;top&quot;:&quot;&quot;,&quot;right&quot;:&quot;&quot;,&quot;bottom&quot;:&quot;&quot;,&quot;left&quot;:&quot;&quot;,&quot;isLinked&quot;:true},&quot;caption_space&quot;:{&quot;unit&quot;:&quot;px&quot;,&quot;size&quot;:0,&quot;sizes&quot;:[]},&quot;caption_space_tablet&quot;:{&quot;unit&quot;:&quot;px&quot;,&quot;size&quot;:&quot;&quot;,&quot;sizes&quot;:[]},&quot;caption_space_mobile&quot;:{&quot;unit&quot;:&quot;px&quot;,&quot;size&quot;:&quot;&quot;,&quot;sizes&quot;:[]}}\" data-widget_type=\"site-logo.default\">\n\t\t\t\t<div class=\"elementor-widget-container\">\n\t\t\t\t\t\t\t<div class=\"hfe-site-logo\">\n\t\t\t\t\t\t\t\t\t\t\t\t\t<a data-elementor-open-lightbox=\"\"  class='elementor-clickable' href=\"https:\/\/kamforsud.org\">\n\t\t\t\t\t\t\t<div class=\"hfe-site-logo-set\">           \n\t\t\t\t<div class=\"hfe-site-logo-container\">\n\t\t\t\t\t\t\t\t\t<img decoding=\"async\" class=\"hfe-site-logo-img elementor-animation-\"  src=\"https:\/\/kamforsud.org\/wp-content\/uploads\/2024\/07\/03-logo-kfs-2-768x218.png\" alt=\"03 logo kfs\"\/>\n\t\t\t\t<\/div>\n\t\t\t<\/div>\n\t\t\t\t\t\t\t<\/a>\n\t\t\t\t\t\t<\/div>  \n\t\t\t\t\t\t\t<\/div>\n\t\t\t\t<\/div>\n\t\t\t\t<\/div>\n\t\t\t\t<div class=\"elementor-element elementor-element-7bbd1e06 elementor-widget elementor-widget-ekit-nav-menu\" data-id=\"7bbd1e06\" data-element_type=\"widget\" data-e-type=\"widget\" data-widget_type=\"ekit-nav-menu.default\">\n\t\t\t\t<div class=\"elementor-widget-container\">\n\t\t\t\t\t\t\t<nav class=\"ekit-wid-con ekit_menu_responsive_tablet\"\n\t\t\tdata-hamburger-icon=\"icon icon-menu-11\"\n\t\t\tdata-hamburger-icon-type=\"icon\"\n\t\t\tdata-responsive-breakpoint=\"1024\">\n\t\t\t            <button class=\"elementskit-menu-hamburger elementskit-menu-toggler\"  type=\"button\" aria-label=\"hamburger-icon\">\n                <i aria-hidden=\"true\" class=\"ekit-menu-icon icon icon-menu-11\"><\/i>            <\/button>\n            <div id=\"ekit-megamenu-menu-header\" class=\"elementskit-menu-container elementskit-menu-offcanvas-elements elementskit-navbar-nav-default ekit-nav-menu-one-page- ekit-nav-dropdown-hover\"><ul id=\"menu-menu-header-francese\" class=\"elementskit-navbar-nav elementskit-menu-po-center submenu-click-on-\"><li id=\"menu-item-9334\" class=\"menu-item menu-item-type-custom menu-item-object-custom menu-item-has-children menu-item-9334 nav-item elementskit-dropdown-has relative_position elementskit-dropdown-menu-default_width elementskit-mobile-builder-content\" data-vertical-menu=750px><a href=\"#\" class=\"ekit-menu-nav-link ekit-menu-dropdown-toggle\">\u00c0 propos<i aria-hidden=\"true\" class=\"icon icon-none elementskit-submenu-indicator\"><\/i><\/a>\n<ul class=\"elementskit-dropdown elementskit-submenu-panel\">\n\t<li id=\"menu-item-9364\" class=\"menu-item menu-item-type-post_type menu-item-object-page menu-item-9364 nav-item elementskit-mobile-builder-content\" data-vertical-menu=750px><a href=\"https:\/\/kamforsud.org\/fr\/apercu-de-kam-for-sud\/\" class=\" dropdown-item\">Kam For Sud en bref<\/a>\t<li id=\"menu-item-9365\" class=\"menu-item menu-item-type-post_type menu-item-object-page menu-item-9365 nav-item elementskit-mobile-builder-content\" data-vertical-menu=750px><a href=\"https:\/\/kamforsud.org\/fr\/comites\/\" class=\" dropdown-item\">Comit\u00e9s<\/a>\t<li id=\"menu-item-9366\" class=\"menu-item menu-item-type-post_type menu-item-object-page menu-item-9366 nav-item elementskit-mobile-builder-content\" data-vertical-menu=750px><a href=\"https:\/\/kamforsud.org\/fr\/histoire-de-kam-for-sud\/\" class=\" dropdown-item\">Histoire de Kam For Sud<\/a>\t<li id=\"menu-item-9367\" class=\"menu-item menu-item-type-post_type menu-item-object-page menu-item-9367 nav-item elementskit-mobile-builder-content\" data-vertical-menu=750px><a href=\"https:\/\/kamforsud.org\/fr\/statuts-budgets-et-rapports\/\" class=\" dropdown-item\">Statuts, bilans et rapports<\/a><\/ul>\n<\/li>\n<li id=\"menu-item-9340\" class=\"menu-item menu-item-type-custom menu-item-object-custom menu-item-has-children menu-item-9340 nav-item elementskit-dropdown-has relative_position elementskit-dropdown-menu-default_width elementskit-mobile-builder-content\" data-vertical-menu=750px><a href=\"#\" class=\"ekit-menu-nav-link ekit-menu-dropdown-toggle\">Projets<i aria-hidden=\"true\" class=\"icon icon-none elementskit-submenu-indicator\"><\/i><\/a>\n<ul class=\"elementskit-dropdown elementskit-submenu-panel\">\n\t<li id=\"menu-item-9368\" class=\"menu-item menu-item-type-custom menu-item-object-custom menu-item-has-children menu-item-9368 nav-item elementskit-dropdown-has relative_position elementskit-dropdown-menu-default_width elementskit-mobile-builder-content\" data-vertical-menu=750px><a href=\"#\" class=\" dropdown-item\">Projets en cours<i aria-hidden=\"true\" class=\"icon icon-none elementskit-submenu-indicator\"><\/i><\/a>\n\t<ul class=\"elementskit-dropdown elementskit-submenu-panel\">\n\t\t<li id=\"menu-item-9369\" class=\"menu-item menu-item-type-post_type menu-item-object-page menu-item-9369 nav-item elementskit-mobile-builder-content\" data-vertical-menu=750px><a href=\"https:\/\/kamforsud.org\/fr\/parrainages-a-distance\/\" class=\" dropdown-item\">Parrainages \u00e0 distance<\/a>\t\t<li id=\"menu-item-9370\" class=\"menu-item menu-item-type-post_type menu-item-object-page menu-item-9370 nav-item elementskit-mobile-builder-content\" data-vertical-menu=750px><a href=\"https:\/\/kamforsud.org\/fr\/centre-daccueil-de-jour\/\" class=\" dropdown-item\">Centre de jour<\/a>\t\t<li id=\"menu-item-9371\" class=\"menu-item menu-item-type-post_type menu-item-object-page menu-item-9371 nav-item elementskit-mobile-builder-content\" data-vertical-menu=750px><a href=\"https:\/\/kamforsud.org\/fr\/ferme-orphelinat\/\" class=\" dropdown-item\">Orphelinat-ferme<\/a>\t\t<li id=\"menu-item-9372\" class=\"menu-item menu-item-type-post_type menu-item-object-page menu-item-9372 nav-item elementskit-mobile-builder-content\" data-vertical-menu=750px><a href=\"https:\/\/kamforsud.org\/fr\/changement-climatique\/\" class=\" dropdown-item\">Changements climatiques<\/a>\t\t<li id=\"menu-item-9373\" class=\"menu-item menu-item-type-post_type menu-item-object-page menu-item-9373 nav-item elementskit-mobile-builder-content\" data-vertical-menu=750px><a href=\"https:\/\/kamforsud.org\/fr\/mode-ethique\/\" class=\" dropdown-item\">Mode \u00e9thique<\/a>\t\t<li id=\"menu-item-9374\" class=\"menu-item menu-item-type-post_type menu-item-object-page menu-item-9374 nav-item elementskit-mobile-builder-content\" data-vertical-menu=750px><a href=\"https:\/\/kamforsud.org\/fr\/hotel-entreprise-sociale\/\" class=\" dropdown-item\">H\u00f4tel-entreprise sociale<\/a>\t<\/ul>\n\t<li id=\"menu-item-9341\" class=\"menu-item menu-item-type-custom menu-item-object-custom menu-item-has-children menu-item-9341 nav-item elementskit-dropdown-has relative_position elementskit-dropdown-menu-default_width elementskit-mobile-builder-content\" data-vertical-menu=750px><a href=\"#\" class=\" dropdown-item\">Projets achev\u00e9s<i aria-hidden=\"true\" class=\"icon icon-none elementskit-submenu-indicator\"><\/i><\/a>\n\t<ul class=\"elementskit-dropdown elementskit-submenu-panel\">\n\t\t<li id=\"menu-item-9375\" class=\"menu-item menu-item-type-post_type menu-item-object-page menu-item-9375 nav-item elementskit-mobile-builder-content\" data-vertical-menu=750px><a href=\"https:\/\/kamforsud.org\/fr\/ecole-de-saipu\/\" class=\" dropdown-item\">\u00c9cole de Saipu<\/a>\t\t<li id=\"menu-item-9376\" class=\"menu-item menu-item-type-post_type menu-item-object-page menu-item-9376 nav-item elementskit-mobile-builder-content\" data-vertical-menu=750px><a href=\"https:\/\/kamforsud.org\/fr\/sante-publique-a-saipu\/\" class=\" dropdown-item\">Sant\u00e9 publique \u00e0 Saipu<\/a>\t\t<li id=\"menu-item-9377\" class=\"menu-item menu-item-type-post_type menu-item-object-page menu-item-9377 nav-item elementskit-mobile-builder-content\" data-vertical-menu=750px><a href=\"https:\/\/kamforsud.org\/fr\/tissus-traditionnels-de-dhaka\/\" class=\" dropdown-item\">Tissus traditionnels Dhaka<\/a>\t\t<li id=\"menu-item-9378\" class=\"menu-item menu-item-type-post_type menu-item-object-page menu-item-9378 nav-item elementskit-mobile-builder-content\" data-vertical-menu=750px><a href=\"https:\/\/kamforsud.org\/fr\/urgence-pandemique\/\" class=\" dropdown-item\">Urgence pand\u00e9mique<\/a>\t\t<li id=\"menu-item-9379\" class=\"menu-item menu-item-type-post_type menu-item-object-page menu-item-9379 nav-item elementskit-mobile-builder-content\" data-vertical-menu=750px><a href=\"https:\/\/kamforsud.org\/fr\/urgence-et-reconstruction-apres-un-tremblement-de-terre\/\" class=\" dropdown-item\">Urgence et reconstruction apr\u00e8s le tremblement de terre<\/a>\t\t<li id=\"menu-item-9408\" class=\"menu-item menu-item-type-post_type menu-item-object-page menu-item-9408 nav-item elementskit-mobile-builder-content\" data-vertical-menu=750px><a href=\"https:\/\/kamforsud.org\/fr\/micro-turbines\/\" class=\" dropdown-item\">Micro-turbines<\/a>\t<\/ul>\n<\/ul>\n<\/li>\n<li id=\"menu-item-9409\" class=\"menu-item menu-item-type-post_type menu-item-object-page menu-item-9409 nav-item elementskit-mobile-builder-content\" data-vertical-menu=750px><a href=\"https:\/\/kamforsud.org\/fr\/dons\/\" class=\"ekit-menu-nav-link\">Dons<\/a><\/li>\n<li id=\"menu-item-9410\" class=\"menu-item menu-item-type-post_type menu-item-object-page menu-item-9410 nav-item elementskit-mobile-builder-content\" data-vertical-menu=750px><a href=\"https:\/\/kamforsud.org\/fr\/visiter-le-nepal\/\" class=\"ekit-menu-nav-link\">Visiter le N\u00e9pal<\/a><\/li>\n<li id=\"menu-item-9411\" class=\"menu-item menu-item-type-post_type menu-item-object-page menu-item-9411 nav-item elementskit-mobile-builder-content\" data-vertical-menu=750px><a href=\"https:\/\/kamforsud.org\/fr\/video\/\" class=\"ekit-menu-nav-link\">Vid\u00e9o<\/a><\/li>\n<li id=\"menu-item-9412\" class=\"menu-item menu-item-type-post_type menu-item-object-page menu-item-9412 nav-item elementskit-mobile-builder-content\" data-vertical-menu=750px><a href=\"https:\/\/kamforsud.org\/fr\/contact\/\" class=\"ekit-menu-nav-link\">Contact<\/a><\/li>\n<li id=\"menu-item-9342\" class=\"menu-item menu-item-type-custom menu-item-object-custom menu-item-has-children menu-item-9342 nav-item elementskit-dropdown-has relative_position elementskit-dropdown-menu-default_width elementskit-mobile-builder-content\" data-vertical-menu=750px><a href=\"http:\/\/Shop\" class=\"ekit-menu-nav-link ekit-menu-dropdown-toggle\">Shop<i aria-hidden=\"true\" class=\"icon icon-none elementskit-submenu-indicator\"><\/i><\/a>\n<ul class=\"elementskit-dropdown elementskit-submenu-panel\">\n\t<li id=\"menu-item-9413\" class=\"menu-item menu-item-type-post_type menu-item-object-page menu-item-9413 nav-item elementskit-mobile-builder-content\" data-vertical-menu=750px><a href=\"https:\/\/kamforsud.org\/fr\/bazaar-et-boutique\/\" class=\" dropdown-item\">Bazar et boutique<\/a>\t<li id=\"menu-item-9343\" class=\"menu-item menu-item-type-custom menu-item-object-custom menu-item-9343 nav-item elementskit-mobile-builder-content\" data-vertical-menu=750px><a href=\"https:\/\/shop.kamforsud.org\/\" class=\" dropdown-item\">Online Shop Wear With Ease<\/a><\/ul>\n<\/li>\n<li id=\"menu-item-wpml-ls-3-it\" class=\"menu-item wpml-ls-slot-3 wpml-ls-item wpml-ls-item-it wpml-ls-menu-item wpml-ls-first-item menu-item-type-wpml_ls_menu_item menu-item-object-wpml_ls_menu_item menu-item-wpml-ls-3-it nav-item elementskit-mobile-builder-content\" data-vertical-menu=750px><a title=\"Passer \u00e0 Italien\" href=\"https:\/\/kamforsud.org\/\" class=\"ekit-menu-nav-link\" aria-label=\"Passer \u00e0 Italien\"><img decoding=\"async\"\n            class=\"wpml-ls-flag\"\n            src=\"https:\/\/kamforsud.org\/wp-content\/plugins\/sitepress-multilingual-cms\/res\/flags\/it.svg\"\n            alt=\"Italien\"\n            loading=\"lazy\"\n            \n            \n    \/><\/a><\/li>\n<li id=\"menu-item-wpml-ls-3-en\" class=\"menu-item wpml-ls-slot-3 wpml-ls-item wpml-ls-item-en wpml-ls-menu-item wpml-ls-last-item menu-item-type-wpml_ls_menu_item menu-item-object-wpml_ls_menu_item menu-item-wpml-ls-3-en nav-item elementskit-mobile-builder-content\" data-vertical-menu=750px><a title=\"Passer \u00e0 Anglais\" href=\"https:\/\/kamforsud.org\/en\/\" class=\"ekit-menu-nav-link\" aria-label=\"Passer \u00e0 Anglais\"><img decoding=\"async\"\n            class=\"wpml-ls-flag\"\n            src=\"https:\/\/kamforsud.org\/wp-content\/plugins\/sitepress-multilingual-cms\/res\/flags\/en.svg\"\n            alt=\"Anglais\"\n            loading=\"lazy\"\n            \n            \n    \/><\/a><\/li>\n<\/ul><div class=\"elementskit-nav-identity-panel\"><button class=\"elementskit-menu-close elementskit-menu-toggler\" type=\"button\">X<\/button><\/div><\/div>\n\t\t\t<div class=\"elementskit-menu-overlay elementskit-menu-offcanvas-elements elementskit-menu-toggler ekit-nav-menu--overlay\"><\/div>        <\/nav>\n\t\t\t\t\t\t<\/div>\n\t\t\t\t<\/div>\n\t\t\t\t\t<\/div>\n\t\t\t\t<\/div>\n\t\t<div class=\"elementor-element elementor-element-43a0e2d e-flex e-con-boxed e-con e-parent\" data-id=\"43a0e2d\" data-element_type=\"container\" data-e-type=\"container\">\n\t\t\t\t\t<div class=\"e-con-inner\">\n\t\t\t\t<div class=\"elementor-element elementor-element-116a2948 elementor-widget elementor-widget-heading\" data-id=\"116a2948\" data-element_type=\"widget\" data-e-type=\"widget\" data-widget_type=\"heading.default\">\n\t\t\t\t<div class=\"elementor-widget-container\">\n\t\t\t\t\t<h2 class=\"elementor-heading-title elementor-size-default\">Contact<\/h2>\t\t\t\t<\/div>\n\t\t\t\t<\/div>\n\t\t\t\t<div class=\"elementor-element elementor-element-4cb4a5f elementor-widget elementor-widget-text-editor\" data-id=\"4cb4a5f\" data-element_type=\"widget\" data-e-type=\"widget\" data-widget_type=\"text-editor.default\">\n\t\t\t\t<div class=\"elementor-widget-container\">\n\t\t\t\t\t\t\t\t\t<p><strong>Courriel<\/strong><\/p>\n<p><a href=\"mailto:info@kamforsud.org\">info@kamforsud.org<\/a><\/p>\n<p style=\"letter-spacing: -0.1px;\"><br><\/p>\n<p><\/p>\n<p><strong>Si\u00e8ge op\u00e9rationnel<\/strong><\/p>\n<p>La Scatolina<\/p>\n<p>Via ala Vigna 16<\/p>\n<p>6670 Avegno<\/p>\n<p><a href=\"tel:+41912208550\">+41 91 220 85 50<\/a><\/p>\n<p><br><\/p>\n<p><\/p>\n<p><strong>Bazaar, Locarno<\/strong><\/p>\n<p>Via Franchino Rusca 2<\/p>\n<p>6600 Locarno<\/p>\n<p><a href=\"tel:+41912200364\">+41 91 220 03 64<\/a><\/p>\n<p><br><\/p>\n<p><\/p>\n<p><strong>Bazaar Boutique, Lugano<\/strong><\/p>\n<p>Via al Forte 10<\/p>\n<p>6900 Lugano<\/p>\n<p><a href=\"tel:+41912205164\">+41 91 220 51 64<\/a><\/p><p><br><\/p><p style=\"letter-spacing: -0.1px;\"><span style=\"font-weight: bolder;\">Si\u00e8ge legal<\/span><\/p><p style=\"letter-spacing: -0.1px;\">c\/o studio legale Martinelli Peter<\/p><p style=\"letter-spacing: -0.1px;\">CP 1738, via Pioda 12<\/p><p style=\"letter-spacing: -0.1px;\">6900 Lugano<\/p>\t\t\t\t\t\t\t\t<\/div>\n\t\t\t\t<\/div>\n\t\t\t\t\t<\/div>\n\t\t\t\t<\/div>\n\t\t<div class=\"elementor-element elementor-element-7f6b81fc e-flex e-con-boxed e-con e-parent\" data-id=\"7f6b81fc\" data-element_type=\"container\" data-e-type=\"container\">\n\t\t\t\t\t<div class=\"e-con-inner\">\n\t\t<div class=\"elementor-element elementor-element-3799156f e-con-full e-flex e-con e-child\" data-id=\"3799156f\" data-element_type=\"container\" data-e-type=\"container\">\n\t\t\t\t<div class=\"elementor-element elementor-element-653e6276 elementor-widget-divider--view-line elementor-widget elementor-widget-divider\" data-id=\"653e6276\" data-element_type=\"widget\" data-e-type=\"widget\" data-widget_type=\"divider.default\">\n\t\t\t\t<div class=\"elementor-widget-container\">\n\t\t\t\t\t\t\t<div class=\"elementor-divider\">\n\t\t\t<span class=\"elementor-divider-separator\">\n\t\t\t\t\t\t<\/span>\n\t\t<\/div>\n\t\t\t\t\t\t<\/div>\n\t\t\t\t<\/div>\n\t\t<div class=\"elementor-element elementor-element-7881cd32 e-con-full e-grid e-con e-child\" data-id=\"7881cd32\" data-element_type=\"container\" data-e-type=\"container\">\n\t\t\t\t<div class=\"elementor-element elementor-element-69ebc45 elementor-widget elementor-widget-heading\" data-id=\"69ebc45\" data-element_type=\"widget\" data-e-type=\"widget\" data-widget_type=\"heading.default\">\n\t\t\t\t<div class=\"elementor-widget-container\">\n\t\t\t\t\t<h2 class=\"elementor-heading-title elementor-size-default\">\u00a9 2024 Kam For Sud <\/h2>\t\t\t\t<\/div>\n\t\t\t\t<\/div>\n\t\t\t\t<div class=\"elementor-element elementor-element-46c6b559 elementor-shape-circle e-grid-align-right e-grid-align-mobile-center elementor-grid-0 elementor-widget elementor-widget-social-icons\" data-id=\"46c6b559\" data-element_type=\"widget\" data-e-type=\"widget\" data-widget_type=\"social-icons.default\">\n\t\t\t\t<div class=\"elementor-widget-container\">\n\t\t\t\t\t\t\t<div class=\"elementor-social-icons-wrapper elementor-grid\" role=\"list\">\n\t\t\t\t\t\t\t<span class=\"elementor-grid-item\" role=\"listitem\">\n\t\t\t\t\t<a class=\"elementor-icon elementor-social-icon elementor-social-icon-instagram elementor-repeater-item-e30eb66\" href=\"https:\/\/www.instagram.com\/kamforsud_bazaar_and_boutique\/?hl=it\" target=\"_blank\">\n\t\t\t\t\t\t<span class=\"elementor-screen-only\">Instagram<\/span>\n\t\t\t\t\t\t<svg aria-hidden=\"true\" class=\"e-font-icon-svg e-fab-instagram\" viewBox=\"0 0 448 512\" xmlns=\"http:\/\/www.w3.org\/2000\/svg\"><path d=\"M224.1 141c-63.6 0-114.9 51.3-114.9 114.9s51.3 114.9 114.9 114.9S339 319.5 339 255.9 287.7 141 224.1 141zm0 189.6c-41.1 0-74.7-33.5-74.7-74.7s33.5-74.7 74.7-74.7 74.7 33.5 74.7 74.7-33.6 74.7-74.7 74.7zm146.4-194.3c0 14.9-12 26.8-26.8 26.8-14.9 0-26.8-12-26.8-26.8s12-26.8 26.8-26.8 26.8 12 26.8 26.8zm76.1 27.2c-1.7-35.9-9.9-67.7-36.2-93.9-26.2-26.2-58-34.4-93.9-36.2-37-2.1-147.9-2.1-184.9 0-35.8 1.7-67.6 9.9-93.9 36.1s-34.4 58-36.2 93.9c-2.1 37-2.1 147.9 0 184.9 1.7 35.9 9.9 67.7 36.2 93.9s58 34.4 93.9 36.2c37 2.1 147.9 2.1 184.9 0 35.9-1.7 67.7-9.9 93.9-36.2 26.2-26.2 34.4-58 36.2-93.9 2.1-37 2.1-147.8 0-184.8zM398.8 388c-7.8 19.6-22.9 34.7-42.6 42.6-29.5 11.7-99.5 9-132.1 9s-102.7 2.6-132.1-9c-19.6-7.8-34.7-22.9-42.6-42.6-11.7-29.5-9-99.5-9-132.1s-2.6-102.7 9-132.1c7.8-19.6 22.9-34.7 42.6-42.6 29.5-11.7 99.5-9 132.1-9s102.7-2.6 132.1 9c19.6 7.8 34.7 22.9 42.6 42.6 11.7 29.5 9 99.5 9 132.1s2.7 102.7-9 132.1z\"><\/path><\/svg>\t\t\t\t\t<\/a>\n\t\t\t\t<\/span>\n\t\t\t\t\t\t\t<span class=\"elementor-grid-item\" role=\"listitem\">\n\t\t\t\t\t<a class=\"elementor-icon elementor-social-icon elementor-social-icon-facebook elementor-repeater-item-ea4fefe\" href=\"https:\/\/www.facebook.com\/kamforsud\" target=\"_blank\">\n\t\t\t\t\t\t<span class=\"elementor-screen-only\">Facebook<\/span>\n\t\t\t\t\t\t<svg aria-hidden=\"true\" class=\"e-font-icon-svg e-fab-facebook\" viewBox=\"0 0 512 512\" xmlns=\"http:\/\/www.w3.org\/2000\/svg\"><path d=\"M504 256C504 119 393 8 256 8S8 119 8 256c0 123.78 90.69 226.38 209.25 245V327.69h-63V256h63v-54.64c0-62.15 37-96.48 93.67-96.48 27.14 0 55.52 4.84 55.52 4.84v61h-31.28c-30.8 0-40.41 19.12-40.41 38.73V256h68.78l-11 71.69h-57.78V501C413.31 482.38 504 379.78 504 256z\"><\/path><\/svg>\t\t\t\t\t<\/a>\n\t\t\t\t<\/span>\n\t\t\t\t\t\t\t<span class=\"elementor-grid-item\" role=\"listitem\">\n\t\t\t\t\t<a class=\"elementor-icon elementor-social-icon elementor-social-icon-youtube elementor-repeater-item-47388e1\" href=\"https:\/\/www.youtube.com\/@kamforsud\" target=\"_blank\">\n\t\t\t\t\t\t<span class=\"elementor-screen-only\">Youtube<\/span>\n\t\t\t\t\t\t<svg aria-hidden=\"true\" class=\"e-font-icon-svg e-fab-youtube\" viewBox=\"0 0 576 512\" xmlns=\"http:\/\/www.w3.org\/2000\/svg\"><path d=\"M549.655 124.083c-6.281-23.65-24.787-42.276-48.284-48.597C458.781 64 288 64 288 64S117.22 64 74.629 75.486c-23.497 6.322-42.003 24.947-48.284 48.597-11.412 42.867-11.412 132.305-11.412 132.305s0 89.438 11.412 132.305c6.281 23.65 24.787 41.5 48.284 47.821C117.22 448 288 448 288 448s170.78 0 213.371-11.486c23.497-6.321 42.003-24.171 48.284-47.821 11.412-42.867 11.412-132.305 11.412-132.305s0-89.438-11.412-132.305zm-317.51 213.508V175.185l142.739 81.205-142.739 81.201z\"><\/path><\/svg>\t\t\t\t\t<\/a>\n\t\t\t\t<\/span>\n\t\t\t\t\t<\/div>\n\t\t\t\t\t\t<\/div>\n\t\t\t\t<\/div>\n\t\t\t\t<\/div>\n\t\t\t\t<\/div>\n\t\t\t\t\t<\/div>\n\t\t\t\t<\/div>\n\t\t\t\t<\/div>\n\t\t","protected":false},"excerpt":{"rendered":"<p>\u00c0 propos Kam For Sud en bref Comit\u00e9s Histoire de Kam For Sud Statuts, bilans et rapports Projets Projets en cours Parrainages \u00e0 distance Centre de jour Orphelinat-ferme Changements climatiques Mode \u00e9thique H\u00f4tel-entreprise sociale Projets achev\u00e9s \u00c9cole de Saipu Sant\u00e9 publique \u00e0 Saipu Tissus traditionnels Dhaka Urgence pand\u00e9mique Urgence et reconstruction apr\u00e8s le tremblement de [&hellip;]<\/p>\n","protected":false},"author":1,"featured_media":0,"parent":0,"menu_order":0,"comment_status":"closed","ping_status":"closed","template":"","meta":{"footnotes":""},"class_list":["post-8462","page","type-page","status-publish","hentry"],"_links":{"self":[{"href":"https:\/\/kamforsud.org\/fr\/wp-json\/wp\/v2\/pages\/8462","targetHints":{"allow":["GET"]}}],"collection":[{"href":"https:\/\/kamforsud.org\/fr\/wp-json\/wp\/v2\/pages"}],"about":[{"href":"https:\/\/kamforsud.org\/fr\/wp-json\/wp\/v2\/types\/page"}],"author":[{"embeddable":true,"href":"https:\/\/kamforsud.org\/fr\/wp-json\/wp\/v2\/users\/1"}],"replies":[{"embeddable":true,"href":"https:\/\/kamforsud.org\/fr\/wp-json\/wp\/v2\/comments?post=8462"}],"version-history":[{"count":19,"href":"https:\/\/kamforsud.org\/fr\/wp-json\/wp\/v2\/pages\/8462\/revisions"}],"predecessor-version":[{"id":10673,"href":"https:\/\/kamforsud.org\/fr\/wp-json\/wp\/v2\/pages\/8462\/revisions\/10673"}],"wp:attachment":[{"href":"https:\/\/kamforsud.org\/fr\/wp-json\/wp\/v2\/media?parent=8462"}],"curies":[{"name":"wp","href":"https:\/\/api.w.org\/{rel}","templated":true}]}}